{"id":38668,"date":"2026-01-27T10:59:21","date_gmt":"2026-01-27T08:59:21","guid":{"rendered":"https:\/\/pride.fi\/helsinki-pride-2026\/"},"modified":"2026-02-04T11:28:40","modified_gmt":"2026-02-04T09:28:40","slug":"helsinki-pride-2026","status":"publish","type":"page","link":"https:\/\/pride.fi\/en\/helsinki-pride-2026\/","title":{"rendered":"Helsinki Pride 2026"},"content":{"rendered":"","protected":false},"excerpt":{"rendered":"","protected":false},"author":71,"featured_media":0,"parent":0,"menu_order":4,"comment_status":"closed","ping_status":"closed","template":"","meta":{"_acf_changed":false,"_seopress_robots_primary_cat":"","_seopress_titles_title":"","_seopress_titles_desc":"Helsinki Pride is Finland\u2019s largest human rights and cultural event, held annually in Helsinki.","_seopress_robots_index":"","footnotes":""},"class_list":["post-38668","page","type-page","status-publish","hentry"],"acf":[],"yoast_head":"<!-- This site is optimized with the Yoast SEO plugin v27.4 - https:\/\/yoast.com\/product\/yoast-seo-wordpress\/ -->\n<title>Helsinki Pride 2026 - Helsinki Pride<\/title>\n<meta name=\"description\" content=\"Helsinki Pride on Suomen suurin ihmisoikeus- ja kulttuuritapahtuma, joka j\u00e4rjestet\u00e4\u00e4n vuosittain kansainv\u00e4lisen Pride-kuukauden aikaan.\" \/>\n<meta name=\"robots\" content=\"index, follow, max-snippet:-1, max-image-preview:large, max-video-preview:-1\" \/>\n<link rel=\"canonical\" href=\"https:\/\/pride.fi\/en\/helsinki-pride-2026\/\" \/>\n<meta property=\"og:locale\" content=\"en_US\" \/>\n<meta property=\"og:type\" content=\"article\" \/>\n<meta property=\"og:title\" content=\"Helsinki Pride 2026 - Helsinki Pride\" \/>\n<meta property=\"og:description\" content=\"Helsinki Pride on Suomen suurin ihmisoikeus- ja kulttuuritapahtuma, joka j\u00e4rjestet\u00e4\u00e4n vuosittain kansainv\u00e4lisen Pride-kuukauden aikaan.\" \/>\n<meta property=\"og:url\" content=\"https:\/\/pride.fi\/en\/helsinki-pride-2026\/\" \/>\n<meta property=\"og:site_name\" content=\"Helsinki Pride\" \/>\n<meta property=\"article:publisher\" content=\"https:\/\/www.facebook.com\/helsinkiprideyhteiso\" \/>\n<meta property=\"article:modified_time\" content=\"2026-02-04T09:28:40+00:00\" \/>\n<meta property=\"og:image\" content=\"https:\/\/pride.fi\/wp-content\/uploads\/2021\/05\/Alejandro-Lorenzo_kulkue15-scaled-1.jpg\" \/>\n\t<meta property=\"og:image:width\" content=\"2000\" \/>\n\t<meta property=\"og:image:height\" content=\"1333\" \/>\n\t<meta property=\"og:image:type\" content=\"image\/jpeg\" \/>\n<meta name=\"twitter:card\" content=\"summary_large_image\" \/>\n<meta name=\"twitter:site\" content=\"@helsinkipride\" \/>\n<script type=\"application\/ld+json\" class=\"yoast-schema-graph\">{\"@context\":\"https:\\\/\\\/schema.org\",\"@graph\":[{\"@type\":\"WebPage\",\"@id\":\"https:\\\/\\\/pride.fi\\\/en\\\/helsinki-pride-2026\\\/\",\"url\":\"https:\\\/\\\/pride.fi\\\/en\\\/helsinki-pride-2026\\\/\",\"name\":\"Helsinki Pride 2026 - Helsinki Pride\",\"isPartOf\":{\"@id\":\"https:\\\/\\\/pride.fi\\\/#website\"},\"datePublished\":\"2026-01-27T08:59:21+00:00\",\"dateModified\":\"2026-02-04T09:28:40+00:00\",\"description\":\"Helsinki Pride on Suomen suurin ihmisoikeus- ja kulttuuritapahtuma, joka j\u00e4rjestet\u00e4\u00e4n vuosittain kansainv\u00e4lisen Pride-kuukauden aikaan.\",\"breadcrumb\":{\"@id\":\"https:\\\/\\\/pride.fi\\\/en\\\/helsinki-pride-2026\\\/#breadcrumb\"},\"inLanguage\":\"en-US\",\"potentialAction\":[{\"@type\":\"ReadAction\",\"target\":[\"https:\\\/\\\/pride.fi\\\/en\\\/helsinki-pride-2026\\\/\"]}]},{\"@type\":\"BreadcrumbList\",\"@id\":\"https:\\\/\\\/pride.fi\\\/en\\\/helsinki-pride-2026\\\/#breadcrumb\",\"itemListElement\":[{\"@type\":\"ListItem\",\"position\":1,\"name\":\"Etusivu\",\"item\":\"https:\\\/\\\/pride.fi\\\/en\\\/\"},{\"@type\":\"ListItem\",\"position\":2,\"name\":\"Helsinki Pride 2026\"}]},{\"@type\":\"WebSite\",\"@id\":\"https:\\\/\\\/pride.fi\\\/#website\",\"url\":\"https:\\\/\\\/pride.fi\\\/\",\"name\":\"Helsinki Pride\",\"description\":\"\",\"publisher\":{\"@id\":\"https:\\\/\\\/pride.fi\\\/#organization\"},\"potentialAction\":[{\"@type\":\"SearchAction\",\"target\":{\"@type\":\"EntryPoint\",\"urlTemplate\":\"https:\\\/\\\/pride.fi\\\/?s={search_term_string}\"},\"query-input\":{\"@type\":\"PropertyValueSpecification\",\"valueRequired\":true,\"valueName\":\"search_term_string\"}}],\"inLanguage\":\"en-US\"},{\"@type\":\"Organization\",\"@id\":\"https:\\\/\\\/pride.fi\\\/#organization\",\"name\":\"Helsinki Pride -yhteis\u00f6 ry\",\"url\":\"https:\\\/\\\/pride.fi\\\/\",\"logo\":{\"@type\":\"ImageObject\",\"inLanguage\":\"en-US\",\"@id\":\"https:\\\/\\\/pride.fi\\\/#\\\/schema\\\/logo\\\/image\\\/\",\"url\":\"https:\\\/\\\/pride.fi\\\/wp-content\\\/uploads\\\/2021\\\/05\\\/RGB_LOGO_Helsinki_Pride_Yhteiso\u0308.jpg\",\"contentUrl\":\"https:\\\/\\\/pride.fi\\\/wp-content\\\/uploads\\\/2021\\\/05\\\/RGB_LOGO_Helsinki_Pride_Yhteiso\u0308.jpg\",\"width\":1120,\"height\":461,\"caption\":\"Helsinki Pride -yhteis\u00f6 ry\"},\"image\":{\"@id\":\"https:\\\/\\\/pride.fi\\\/#\\\/schema\\\/logo\\\/image\\\/\"},\"sameAs\":[\"https:\\\/\\\/www.facebook.com\\\/helsinkiprideyhteiso\",\"https:\\\/\\\/x.com\\\/helsinkipride\",\"https:\\\/\\\/www.instagram.com\\\/helsinkiprideyhteiso\\\/\",\"https:\\\/\\\/www.youtube.com\\\/channel\\\/UCDVOs_zNb4Y0SnvAvDNdJvA\"]}]}<\/script>\n<!-- \/ Yoast SEO plugin. -->","yoast_head_json":{"title":"Helsinki Pride 2026 - Helsinki Pride","description":"Helsinki Pride on Suomen suurin ihmisoikeus- ja kulttuuritapahtuma, joka j\u00e4rjestet\u00e4\u00e4n vuosittain kansainv\u00e4lisen Pride-kuukauden aikaan.","robots":{"index":"index","follow":"follow","max-snippet":"max-snippet:-1","max-image-preview":"max-image-preview:large","max-video-preview":"max-video-preview:-1"},"canonical":"https:\/\/pride.fi\/en\/helsinki-pride-2026\/","og_locale":"en_US","og_type":"article","og_title":"Helsinki Pride 2026 - Helsinki Pride","og_description":"Helsinki Pride on Suomen suurin ihmisoikeus- ja kulttuuritapahtuma, joka j\u00e4rjestet\u00e4\u00e4n vuosittain kansainv\u00e4lisen Pride-kuukauden aikaan.","og_url":"https:\/\/pride.fi\/en\/helsinki-pride-2026\/","og_site_name":"Helsinki Pride","article_publisher":"https:\/\/www.facebook.com\/helsinkiprideyhteiso","article_modified_time":"2026-02-04T09:28:40+00:00","og_image":[{"width":2000,"height":1333,"url":"https:\/\/pride.fi\/wp-content\/uploads\/2021\/05\/Alejandro-Lorenzo_kulkue15-scaled-1.jpg","type":"image\/jpeg"}],"twitter_card":"summary_large_image","twitter_site":"@helsinkipride","schema":{"@context":"https:\/\/schema.org","@graph":[{"@type":"WebPage","@id":"https:\/\/pride.fi\/en\/helsinki-pride-2026\/","url":"https:\/\/pride.fi\/en\/helsinki-pride-2026\/","name":"Helsinki Pride 2026 - Helsinki Pride","isPartOf":{"@id":"https:\/\/pride.fi\/#website"},"datePublished":"2026-01-27T08:59:21+00:00","dateModified":"2026-02-04T09:28:40+00:00","description":"Helsinki Pride on Suomen suurin ihmisoikeus- ja kulttuuritapahtuma, joka j\u00e4rjestet\u00e4\u00e4n vuosittain kansainv\u00e4lisen Pride-kuukauden aikaan.","breadcrumb":{"@id":"https:\/\/pride.fi\/en\/helsinki-pride-2026\/#breadcrumb"},"inLanguage":"en-US","potentialAction":[{"@type":"ReadAction","target":["https:\/\/pride.fi\/en\/helsinki-pride-2026\/"]}]},{"@type":"BreadcrumbList","@id":"https:\/\/pride.fi\/en\/helsinki-pride-2026\/#breadcrumb","itemListElement":[{"@type":"ListItem","position":1,"name":"Etusivu","item":"https:\/\/pride.fi\/en\/"},{"@type":"ListItem","position":2,"name":"Helsinki Pride 2026"}]},{"@type":"WebSite","@id":"https:\/\/pride.fi\/#website","url":"https:\/\/pride.fi\/","name":"Helsinki Pride","description":"","publisher":{"@id":"https:\/\/pride.fi\/#organization"},"potentialAction":[{"@type":"SearchAction","target":{"@type":"EntryPoint","urlTemplate":"https:\/\/pride.fi\/?s={search_term_string}"},"query-input":{"@type":"PropertyValueSpecification","valueRequired":true,"valueName":"search_term_string"}}],"inLanguage":"en-US"},{"@type":"Organization","@id":"https:\/\/pride.fi\/#organization","name":"Helsinki Pride -yhteis\u00f6 ry","url":"https:\/\/pride.fi\/","logo":{"@type":"ImageObject","inLanguage":"en-US","@id":"https:\/\/pride.fi\/#\/schema\/logo\/image\/","url":"https:\/\/pride.fi\/wp-content\/uploads\/2021\/05\/RGB_LOGO_Helsinki_Pride_Yhteiso\u0308.jpg","contentUrl":"https:\/\/pride.fi\/wp-content\/uploads\/2021\/05\/RGB_LOGO_Helsinki_Pride_Yhteiso\u0308.jpg","width":1120,"height":461,"caption":"Helsinki Pride -yhteis\u00f6 ry"},"image":{"@id":"https:\/\/pride.fi\/#\/schema\/logo\/image\/"},"sameAs":["https:\/\/www.facebook.com\/helsinkiprideyhteiso","https:\/\/x.com\/helsinkipride","https:\/\/www.instagram.com\/helsinkiprideyhteiso\/","https:\/\/www.youtube.com\/channel\/UCDVOs_zNb4Y0SnvAvDNdJvA"]}]}},"_links":{"self":[{"href":"https:\/\/pride.fi\/en\/wp-json\/wp\/v2\/pages\/38668","targetHints":{"allow":["GET"]}}],"collection":[{"href":"https:\/\/pride.fi\/en\/wp-json\/wp\/v2\/pages"}],"about":[{"href":"https:\/\/pride.fi\/en\/wp-json\/wp\/v2\/types\/page"}],"author":[{"embeddable":true,"href":"https:\/\/pride.fi\/en\/wp-json\/wp\/v2\/users\/71"}],"replies":[{"embeddable":true,"href":"https:\/\/pride.fi\/en\/wp-json\/wp\/v2\/comments?post=38668"}],"version-history":[{"count":4,"href":"https:\/\/pride.fi\/en\/wp-json\/wp\/v2\/pages\/38668\/revisions"}],"predecessor-version":[{"id":38768,"href":"https:\/\/pride.fi\/en\/wp-json\/wp\/v2\/pages\/38668\/revisions\/38768"}],"wp:attachment":[{"href":"https:\/\/pride.fi\/en\/wp-json\/wp\/v2\/media?parent=38668"}],"curies":[{"name":"wp","href":"https:\/\/api.w.org\/{rel}","templated":true}]}}